{"id":151,"date":"2025-09-21T20:19:40","date_gmt":"2025-09-21T20:19:40","guid":{"rendered":"https:\/\/coa.digita.dev\/home-3\/"},"modified":"2025-09-22T11:10:50","modified_gmt":"2025-09-22T11:10:50","slug":"home-3","status":"publish","type":"page","link":"https:\/\/coa.digita.dev\/sq\/","title":{"rendered":"Faqa Kryesore"},"content":{"rendered":"<div data-elementor-type=\"wp-page\" data-elementor-id=\"151\" class=\"elementor elementor-151\">\n\t\t\t\t<div class=\"elementor-element elementor-element-977a29e e-flex e-con-boxed e-con e-parent\" data-id=\"977a29e\" data-element_type=\"container\">\n\t\t\t\t\t<div class=\"e-con-inner\">\n\t\t\t\t<div class=\"elementor-element elementor-element-6d1aae63 elementor-hidden-mobile elementor-widget elementor-widget-text-editor\" data-id=\"6d1aae63\" data-element_type=\"widget\" data-widget_type=\"text-editor.default\">\n\t\t\t\t\t\t\t\t\t\n<p><img loading=\"lazy\" decoding=\"async\" src=\"https:\/\/coa.digita.dev\/wp-content\/uploads\/2025\/09\/icon-leaf.png\" alt=\"icon-leaf\" itemprop=\"image\" height=\"82\" width=\"82\" title=\"icon-leaf\" onerror=\"this.style.display='none'\" \/>\u00a0 \u00a0 \u00a0Nj\u00eb produkt i krijuar plot\u00ebsisht nga natyra<\/p>\n<p><img loading=\"lazy\" decoding=\"async\" src=\"https:\/\/coa.digita.dev\/wp-content\/uploads\/2025\/09\/icon-baby.png\" alt=\"icon-baby\" itemprop=\"image\" height=\"83\" width=\"83\" title=\"icon-baby\" onerror=\"this.style.display='none'\" \/>\u00a0 \u00a0 \u00a0 Suitable forchildren and adults<\/p>\n<p><img decoding=\"async\" src=\"https:\/\/coa.digita.dev\/wp-content\/plugins\/beaver-builder-lite-version\/img\/pixel.png\" alt=\"\" itemprop=\"image\" onerror=\"this.style.display='none'\" loading=\"lazy\" \/> <img loading=\"lazy\" decoding=\"async\" src=\"https:\/\/coa.digita.dev\/wp-content\/uploads\/2025\/09\/icon-circle.png\" alt=\"icon-circle\" itemprop=\"image\" height=\"83\" width=\"83\" title=\"icon-circle\" onerror=\"this.style.display='none'\" \/>\u00a0 \u00a0 \u00a0Ndalo problemet e munges\u00ebs s\u00eb ujit<\/p>\n<p><img loading=\"lazy\" decoding=\"async\" src=\"https:\/\/coa.digita.dev\/wp-content\/uploads\/2025\/09\/icon-4.png\" alt=\"icon-4\" itemprop=\"image\" height=\"84\" width=\"84\" title=\"icon-4\" onerror=\"this.style.display='none'\" \/>\u00a0 \u00a0Ndalo plastik\u00ebn<\/p>\n<p><img decoding=\"async\" src=\"https:\/\/coa.digita.dev\/wp-content\/plugins\/beaver-builder-lite-version\/img\/pixel.png\" alt=\"\" itemprop=\"image\" onerror=\"this.style.display='none'\" loading=\"lazy\" \/> <img loading=\"lazy\" decoding=\"async\" src=\"https:\/\/coa.digita.dev\/wp-content\/uploads\/2025\/09\/icon-5.png\" alt=\"icon-5\" itemprop=\"image\" height=\"83\" width=\"83\" title=\"icon-5\" onerror=\"this.style.display='none'\" \/>\u00a0 Nj\u00eb produkt inovativ i mb\u00ebshtetur nga shkenca<\/p>\n<p><img loading=\"lazy\" decoding=\"async\" src=\"https:\/\/coa.digita.dev\/wp-content\/uploads\/2025\/09\/icon-6.png\" alt=\"icon-6\" itemprop=\"image\" height=\"85\" width=\"86\" title=\"icon-6\" onerror=\"this.style.display='none'\" \/> S\u2019ka m\u00eb logjistik\u00eb t\u00eb nd\u00ebrlikuar<\/p>\n<p><img decoding=\"async\" src=\"https:\/\/coa.digita.dev\/wp-content\/plugins\/beaver-builder-lite-version\/img\/pixel.png\" alt=\"\" itemprop=\"image\" onerror=\"this.style.display='none'\" loading=\"lazy\" \/> <img loading=\"lazy\" decoding=\"async\" src=\"https:\/\/coa.digita.dev\/wp-content\/uploads\/2025\/09\/image-plus.png\" alt=\"image-plus\" itemprop=\"image\" height=\"547\" width=\"538\" title=\"image-plus\" onerror=\"this.style.display='none'\" \/><\/p>\n<blockquote><strong>Njihuni<\/strong><br \/><strong>the first machine,<\/strong><br \/><strong>which does\u00a0drinking water<br \/>nga ajri.<\/strong><\/blockquote>\n<p><strong>\u00c7FAR\u00cb \u00cbSHT\u00cb\u00a0<\/strong><strong>CUP OF AIR<\/strong><\/p>\n<p>Cup of air\u00a0is the answer to the global water shortage.<\/p>\n<p>Gjenerator\u00ebt tan\u00eb t\u00eb ujit nga atmosfera (AWG) ofrojn\u00eb zgjidhjen m\u00eb me kosto efektive dhe m\u00eb efikase p\u00ebr that\u00ebsir\u00ebn globale, duke siguruar uj\u00eb t\u00eb pijsh\u00ebm dhe p\u00ebr p\u00ebrdorim sht\u00ebpiak<\/p>\n<p>Shkenca, duke u mb\u00ebshtetur n\u00eb ligjet natyrore, e b\u00ebn t\u00eb mundur q\u00eb makinat tona t\u00eb p\u00ebrdoren si n\u00eb zona t\u00eb thata e pa uj\u00eb n\u00eb mbar\u00eb bot\u00ebn, ashtu edhe n\u00eb vende pa rrjet t\u00eb vendosur uji.<\/p>\n<p>Our consultants will take care of choosing the right generator vs\u00a0your needs.<\/p>\n<p>\u00a0 <img loading=\"lazy\" decoding=\"async\" src=\"https:\/\/coa.digita.dev\/wp-content\/uploads\/2025\/09\/icon-check-1.png\" alt=\"icon-check\" itemprop=\"image\" height=\"44\" width=\"44\" title=\"icon-check\" onerror=\"this.style.display='none'\" \/>\u00a0 \u00a0 Besueshm\u00ebri e lart\u00eb<\/p>\n<p>\u00a0 <img loading=\"lazy\" decoding=\"async\" src=\"https:\/\/coa.digita.dev\/wp-content\/uploads\/2025\/09\/icon-check-1.png\" alt=\"icon-check\" itemprop=\"image\" height=\"44\" width=\"44\" title=\"icon-check\" onerror=\"this.style.display='none'\" \/>\u00a0 \u00a0 Natyrshm\u00ebri<\/p>\n<p><img decoding=\"async\" src=\"https:\/\/coa.digita.dev\/wp-content\/plugins\/beaver-builder-lite-version\/img\/pixel.png\" alt=\"\" itemprop=\"image\" onerror=\"this.style.display='none'\" loading=\"lazy\" \/> <img loading=\"lazy\" decoding=\"async\" src=\"https:\/\/coa.digita.dev\/wp-content\/uploads\/2025\/09\/icon-check-1.png\" alt=\"icon-check\" itemprop=\"image\" height=\"44\" width=\"44\" title=\"icon-check\" onerror=\"this.style.display='none'\" \/>\u00a0 \u00a0Qasje e leht\u00eb<\/p>\n<p>\u00a0 <img loading=\"lazy\" decoding=\"async\" src=\"https:\/\/coa.digita.dev\/wp-content\/uploads\/2025\/09\/icon-check-1.png\" alt=\"icon-check\" itemprop=\"image\" height=\"44\" width=\"44\" title=\"icon-check\" onerror=\"this.style.display='none'\" \/>\u00a0 Pavar\u00ebsi<\/p>\n<p><img decoding=\"async\" src=\"https:\/\/coa.digita.dev\/wp-content\/plugins\/beaver-builder-lite-version\/img\/pixel.png\" alt=\"\" itemprop=\"image\" onerror=\"this.style.display='none'\" loading=\"lazy\" \/><\/p>\n<h2>AVANTAZHE<\/h2>\n<p><img loading=\"lazy\" decoding=\"async\" src=\"https:\/\/coa.digita.dev\/wp-content\/uploads\/2025\/09\/image-plus.png\" alt=\"image-plus\" itemprop=\"image\" height=\"547\" width=\"538\" title=\"image-plus\" onerror=\"this.style.display='none'\" \/> <img loading=\"lazy\" decoding=\"async\" src=\"https:\/\/coa.digita.dev\/wp-content\/uploads\/2025\/09\/image-minus-1.png\" alt=\"image-minus\" itemprop=\"image\" height=\"564\" width=\"538\" title=\"image-minus\" onerror=\"this.style.display='none'\" \/><\/p>\n<p><div style=\"width: 640px;\" class=\"wp-video\"><video class=\"wp-video-shortcode\" id=\"video-151-1\" width=\"640\" height=\"360\" preload=\"metadata\" controls=\"controls\"><source type=\"video\/mp4\" src=\"https:\/\/coa.digita.dev\/wp-content\/uploads\/2025\/09\/WhatsApp-Video-2025-09-18-at-15.29.17.mp4?_=1\" \/><source type=\"video\/mp4\" src=\"https:\/\/coa.digita.dev\/wp-content\/uploads\/2025\/09\/WhatsApp-Video-2025-09-18-at-15.29.17.mp4?_=1\" \/><a href=\"https:\/\/coa.digita.dev\/wp-content\/uploads\/2025\/09\/WhatsApp-Video-2025-09-18-at-15.29.17.mp4\">https:\/\/coa.digita.dev\/wp-content\/uploads\/2025\/09\/WhatsApp-Video-2025-09-18-at-15.29.17.mp4<\/a><\/video><\/div><\/p>\n<p><img loading=\"lazy\" decoding=\"async\" src=\"https:\/\/coa.digita.dev\/wp-content\/uploads\/2025\/09\/cupofair-logo.png\" alt=\"cupofair-logo\" itemprop=\"image\" height=\"67\" width=\"183\" title=\"cupofair-logo\" onerror=\"this.style.display='none'\" \/> Telefon:\u00a0<a>+359 88 350 5029<\/a><br \/>e-mail:\u00a0<a href=\"mailto:office@cupofairbg.com\">office@cupofairbg.com<\/a><\/p>\n\t\t\t\t\t\t\t\t<\/div>\n\t\t\t\t\t<\/div>\n\t\t\t\t<\/div>\n\t\t\t\t<\/div>","protected":false},"excerpt":{"rendered":"<p>Get to know the first machine, which does\u00a0drinking water from the air WHAT IS IT\u00a0CUP OF AIR Cup of air\u00a0is the answer to the global water shortage. Our Atmospheric Water Generators (AWG) provide\u00a0the most cost-effective and efficient solution\u00a0 for the global drought, procuring drinking and domestic water. Science relying on [&hellip;]<\/p>","protected":false},"author":1,"featured_media":0,"parent":0,"menu_order":0,"comment_status":"closed","ping_status":"closed","template":"","meta":{"_themeisle_gutenberg_block_has_review":false,"footnotes":""},"class_list":["post-151","page","type-page","status-publish","hentry"],"_links":{"self":[{"href":"https:\/\/coa.digita.dev\/sq\/wp-json\/wp\/v2\/pages\/151","targetHints":{"allow":["GET"]}}],"collection":[{"href":"https:\/\/coa.digita.dev\/sq\/wp-json\/wp\/v2\/pages"}],"about":[{"href":"https:\/\/coa.digita.dev\/sq\/wp-json\/wp\/v2\/types\/page"}],"author":[{"embeddable":true,"href":"https:\/\/coa.digita.dev\/sq\/wp-json\/wp\/v2\/users\/1"}],"replies":[{"embeddable":true,"href":"https:\/\/coa.digita.dev\/sq\/wp-json\/wp\/v2\/comments?post=151"}],"version-history":[{"count":35,"href":"https:\/\/coa.digita.dev\/sq\/wp-json\/wp\/v2\/pages\/151\/revisions"}],"predecessor-version":[{"id":317,"href":"https:\/\/coa.digita.dev\/sq\/wp-json\/wp\/v2\/pages\/151\/revisions\/317"}],"wp:attachment":[{"href":"https:\/\/coa.digita.dev\/sq\/wp-json\/wp\/v2\/media?parent=151"}],"curies":[{"name":"wp","href":"https:\/\/api.w.org\/{rel}","templated":true}]}}