{"id":153,"date":"2025-09-21T20:23:39","date_gmt":"2025-09-21T20:23:39","guid":{"rendered":"https:\/\/coa.digita.dev\/?page_id=153"},"modified":"2025-09-22T10:36:13","modified_gmt":"2025-09-22T10:36:13","slug":"products","status":"publish","type":"page","link":"https:\/\/coa.digita.dev\/sq\/products\/","title":{"rendered":"Produkte"},"content":{"rendered":"<blockquote><p>Imagjinoni t\u00eb keni uj\u00eb t\u00eb pijsh\u00ebm m\u00eb t\u00eb past\u00ebr dhe m\u00eb t\u00eb shijsh\u00ebm falas, vet\u00ebm me nj\u00eb shtypje t\u00eb butonit, pa pasur m\u00eb nevoj\u00eb t\u00eb blini shishe uji.<\/p><\/blockquote>\n<h2>\n\t\t\tModel DWG-16\t<\/h2>\n\t\t\t\t<img loading=\"lazy\" decoding=\"async\" src=\"https:\/\/coa.digita.dev\/wp-content\/uploads\/2025\/09\/image-plus.png\" alt=\"image-plus\" itemprop=\"image\" height=\"547\" width=\"538\" title=\"image-plus\" onerror=\"this.style.display='none'\" \/>\n<h5><strong>Informacion teknik<\/strong><\/h5>\n<strong>Tensioni: 220\/110V<\/strong><br \/>\n<strong>Frekuenca: 50\/60Hz<\/strong><br \/>\n<strong>Kompresori: 900W<\/strong><br \/>\n<strong>Temperatura e funksionimit: 15-40\u00b0C<\/strong><br \/>\n<strong>Operating humidity &#8211; 35-95%<\/strong>\n<p><strong><img loading=\"lazy\" decoding=\"async\" src=\"https:\/\/cupofairbg.com\/wp-content\/uploads\/2024\/06\/sm.png\" alt=\"\" width=\"20\" height=\"20\" \/>\u00a045x44x56 cm\u00a0<img loading=\"lazy\" decoding=\"async\" src=\"https:\/\/cupofairbg.com\/wp-content\/uploads\/2024\/06\/kg.png\" alt=\"\" width=\"19\" height=\"25\" \/>\u00a036 kg<\/strong><\/p>\n<strong>Kapaciteti i prodhimit: 16 litra\/dit\u00eb (n\u00eb 30\u00b0C dhe 80% lag\u00ebshti relative)<\/strong><br \/>\n<strong>Kapaciteti i magazinimit: 8 litra<\/strong><br \/>\n<strong>Uj\u00eb i ngroht\u00eb dhe i ftoht\u00eb<\/strong><br \/>\n<strong>Filtrim dhe sterilizim 12 shkall\u00ebsh<\/strong><br \/>\n<strong>Sterilizues UV<\/strong><br \/>\n<strong>Ekran LCD me prekje<\/strong>\n<h2>\n\t\t\tModel HG-30\t<\/h2>\n\t\t\t\t<img loading=\"lazy\" decoding=\"async\" src=\"https:\/\/coa.digita.dev\/wp-content\/uploads\/2025\/09\/image-plus.png\" alt=\"image-plus\" itemprop=\"image\" height=\"547\" width=\"538\" title=\"image-plus\" onerror=\"this.style.display='none'\" \/>\n<h5>Informacion teknik<\/h5>\nTensioni: 220V<br \/>\nFrekuenca: 50\/60Hz<br \/>\nKompresori: KW<br \/>\nTemperatura e funksionimit: 15-35\u00b0C<br \/>\nOperating humidity &#8211; 45-95%\n<p><img loading=\"lazy\" decoding=\"async\" src=\"https:\/\/cupofairbg.com\/wp-content\/uploads\/2024\/06\/sm.png\" alt=\"\" width=\"20\" height=\"20\" \/>\u00a0<strong>45x43x112 cm\u00a0<img loading=\"lazy\" decoding=\"async\" src=\"https:\/\/cupofairbg.com\/wp-content\/uploads\/2024\/06\/kg.png\" alt=\"\" width=\"19\" height=\"25\" \/>\u00a049 kg<\/strong><\/p>\nKapaciteti i prodhimit: 30 litra\/dit\u00eb<br \/>\n(n\u00eb 30\u00b0C dhe 80% lag\u00ebshti relative)<br \/>\nKapaciteti i magazinimit: 12,5 litra<br \/>\nUj\u00eb i ngroht\u00eb dhe i ftoht\u00eb<br \/>\nFiltrim dhe sterilizim 10 shkall\u00ebsh<br \/>\nKompresori Hitachi<br \/>\nSterilizues UV<br \/>\nEkran LCD me prekje\n<h2>\n\t\t\tModel OWG-60\t<\/h2>\n\t\t\t\t<img loading=\"lazy\" decoding=\"async\" src=\"https:\/\/coa.digita.dev\/wp-content\/uploads\/2025\/09\/image-plus.png\" alt=\"image-plus\" itemprop=\"image\" height=\"547\" width=\"538\" title=\"image-plus\" onerror=\"this.style.display='none'\" \/>\n<h5>Informacion teknik<\/h5>\nTensioni: 220V<br \/>\nFrekuenca: 50Hz<br \/>\nKompresori: 1000W<br \/>\nTemperatura e funksionimit: 15-40\u00b0C<br \/>\nOperating humidity &#8211; 35-95%\n<p><img loading=\"lazy\" decoding=\"async\" src=\"https:\/\/cupofairbg.com\/wp-content\/uploads\/2024\/06\/sm.png\" alt=\"\" width=\"20\" height=\"20\" \/>\u00a0<strong>59x59x111 cm\u00a0<img loading=\"lazy\" decoding=\"async\" src=\"https:\/\/cupofairbg.com\/wp-content\/uploads\/2024\/06\/kg.png\" alt=\"\" width=\"19\" height=\"25\" \/>\u00a090 kg<\/strong><\/p>\nKapaciteti i prodhimit 60 litra n\u00eb 24 or\u00eb<br \/>\nKapaciteti i magazinimit: 45 litra<br \/>\nFiltrim dhe sterilizim 13 shkall\u00ebsh<br \/>\nUj\u00eb i ngroht\u00eb dhe i ftoht\u00eb<br \/>\nSterilizues UV<br \/>\nEkran LCD me prekje\n<h2>\n\t\t\tModel OWG-100\t<\/h2>\n\t\t\t\t<img loading=\"lazy\" decoding=\"async\" src=\"https:\/\/coa.digita.dev\/wp-content\/uploads\/2025\/09\/image-plus.png\" alt=\"image-plus\" itemprop=\"image\" height=\"547\" width=\"538\" title=\"image-plus\" onerror=\"this.style.display='none'\" \/>\n<h5>Informacion teknik<\/h5>\nTensioni: 220V<br \/>\nFrekuenca: 50Hz<br \/>\nKompresori: 2KW<br \/>\nTemperatura e funksionimit: 15-38\u00b0C<br \/>\nOperating humidity &#8211; 45-95%\n<p><img loading=\"lazy\" decoding=\"async\" src=\"https:\/\/cupofairbg.com\/wp-content\/uploads\/2024\/06\/sm.png\" alt=\"\" width=\"20\" height=\"20\" \/>\u00a0<strong>56x93x160 cm\u00a0<img loading=\"lazy\" decoding=\"async\" src=\"https:\/\/cupofairbg.com\/wp-content\/uploads\/2024\/06\/kg.png\" alt=\"\" width=\"19\" height=\"25\" \/>\u00a0190 kg<\/strong><\/p>\nKapaciteti i prodhimit: 100 litra n\u00eb 24 or\u00eb (n\u00eb 30\u202f\u00b0C dhe 80% lag\u00ebshti relative)<br \/>\nKapaciteti i magazinimit: 100 litra<br \/>\nUj\u00eb i ngroht\u00eb dhe i ftoht\u00eb<br \/>\nFiltrim dhe sterilizim 10 shkall\u00ebsh<br \/>\nSterilizues UV<br \/>\nEkran LCD me prekje\n<h2>\n\t\t\tModel CWG-100\t<\/h2>\n\t\t\t\t<img loading=\"lazy\" decoding=\"async\" src=\"https:\/\/coa.digita.dev\/wp-content\/uploads\/2025\/09\/image-plus.png\" alt=\"image-plus\" itemprop=\"image\" height=\"547\" width=\"538\" title=\"image-plus\" onerror=\"this.style.display='none'\" \/>\n<h5>Informacion teknik<\/h5>\nTensioni: 220V<br \/>\nFrekuenca: 50\/60Hz<br \/>\nKompresori: 2KW<br \/>\nTemperatura e funksionimit: 15-35\u00b0C<br \/>\nOperating humidity &#8211; 45-95%\n<p><img loading=\"lazy\" decoding=\"async\" src=\"https:\/\/cupofairbg.com\/wp-content\/uploads\/2024\/06\/sm.png\" alt=\"\" width=\"20\" height=\"20\" \/>\u00a0<strong>42x65x105 cm\u00a0<img loading=\"lazy\" decoding=\"async\" src=\"https:\/\/cupofairbg.com\/wp-content\/uploads\/2024\/06\/kg.png\" alt=\"\" width=\"19\" height=\"25\" \/>\u00a0190 kg<\/strong><\/p>\nKapaciteti i prodhimit: 100 litra\/dit\u00eb (n\u00eb 30\u00b0C dhe 80% lag\u00ebshti relative)<br \/>\nKapaciteti i magazinimit: 100 litra<br \/>\nUj\u00eb n\u00eb temperatur\u00eb ambienti<br \/>\nFiltrim dhe sterilizim 10 shkall\u00ebsh<br \/>\nKompresori Hitachi<br \/>\nSterilizues UV<br \/>\nEkran LCD me prekje\n<h2>\n\t\t\tModel CWG-250\t<\/h2>\n\t\t\t\t<img loading=\"lazy\" decoding=\"async\" src=\"https:\/\/coa.digita.dev\/wp-content\/uploads\/2025\/09\/image-plus.png\" alt=\"image-plus\" itemprop=\"image\" height=\"547\" width=\"538\" title=\"image-plus\" onerror=\"this.style.display='none'\" \/>\n<h5>Informacion teknik<\/h5>\nTensioni: 220\/380V<br \/>\nFrekuenca: 50\/60Hz<br \/>\nFuqia e ventilatorit: 400\u202fW<br \/>\nKompresori: 4.6KW<br \/>\nTemperatura e funksionimit: 15-38\u00b0C<br \/>\nOperating humidity &#8211; 45-95%\n<p><img loading=\"lazy\" decoding=\"async\" src=\"https:\/\/cupofairbg.com\/wp-content\/uploads\/2024\/06\/sm.png\" alt=\"\" width=\"20\" height=\"20\" \/>\u00a0<strong>160x72x128 cm\u00a0<img loading=\"lazy\" decoding=\"async\" src=\"https:\/\/cupofairbg.com\/wp-content\/uploads\/2024\/06\/kg.png\" alt=\"\" width=\"19\" height=\"25\" \/>\u00a0320 kg<\/strong><\/p>\nKapaciteti i prodhimit 250 litra n\u00eb 24 or\u00eb<br \/>\nKapaciteti i magazinimit: 110 litra<br \/>\nUj\u00eb n\u00eb temperatur\u00eb ambienti<br \/>\nFiltrim dhe sterilizim 17 shkall\u00ebsh<br \/>\nProces filtrimi 8-shkall\u00ebsh<br \/>\nSterilizues UV<br \/>\nEkran LCD me prekje\n<h2>\n\t\t\tModel CWG-500\t<\/h2>\n\t\t\t\t<img loading=\"lazy\" decoding=\"async\" src=\"https:\/\/coa.digita.dev\/wp-content\/uploads\/2025\/09\/image-plus.png\" alt=\"image-plus\" itemprop=\"image\" height=\"547\" width=\"538\" title=\"image-plus\" onerror=\"this.style.display='none'\" \/>\n<h5>Informacion teknik<\/h5>\nTensioni: 220\/380V<br \/>\nFrekuenca: 50\/60Hz<br \/>\nFuqia e ventilatorit: 400\u202fW<br \/>\nKompresori: 11KW<br \/>\nTemperatura e funksionimit: 15-38\u00b0C<br \/>\nOperating humidity &#8211; 45-95%\n<p><img loading=\"lazy\" decoding=\"async\" src=\"https:\/\/cupofairbg.com\/wp-content\/uploads\/2024\/06\/sm.png\" alt=\"\" width=\"20\" height=\"20\" \/>\u00a0<strong>235x85x145<\/strong><strong>\u00a0cm\u00a0<img loading=\"lazy\" decoding=\"async\" src=\"https:\/\/cupofairbg.com\/wp-content\/uploads\/2024\/06\/kg.png\" alt=\"\" width=\"19\" height=\"25\" \/>\u00a0560 kg<\/strong><\/p>\nKapaciteti i prodhimit 500 litra n\u00eb 24 or\u00eb<br \/>\nKapaciteti i magazinimit: 240 litra<br \/>\nUj\u00eb n\u00eb temperatur\u00eb ambienti<br \/>\nFiltrim dhe sterilizim 13 shkall\u00ebsh<br \/>\nEkran LCD me prekje\n<h2>\n\t\t\tModel CWG-1000\t<\/h2>\n\t\t\t\t<img loading=\"lazy\" decoding=\"async\" src=\"https:\/\/coa.digita.dev\/wp-content\/uploads\/2025\/09\/image-plus.png\" alt=\"image-plus\" itemprop=\"image\" height=\"547\" width=\"538\" title=\"image-plus\" onerror=\"this.style.display='none'\" \/>\n<h5>Informacion teknik<\/h5>\nTensioni: 380V<br \/>\nFrekuenca: 50Hz<br \/>\nFuqia e ventilatorit: 5.5KW<br \/>\nKompresori: 2\u00d79,93\u202fKW<br \/>\nTemperatura e funksionimit: 15-38\u00b0C<br \/>\nOperating humidity &#8211; 45-95%\n<p><img loading=\"lazy\" decoding=\"async\" src=\"https:\/\/cupofairbg.com\/wp-content\/uploads\/2024\/06\/sm.png\" alt=\"\" width=\"20\" height=\"20\" \/>\u00a0<strong>280x180x162<\/strong><strong>\u00a0cm\u00a0<img loading=\"lazy\" decoding=\"async\" src=\"https:\/\/cupofairbg.com\/wp-content\/uploads\/2024\/06\/kg.png\" alt=\"\" width=\"19\" height=\"25\" \/>\u00a02000 kg<\/strong><\/p>\nKapaciteti i prodhimit 1000 litra n\u00eb 24 or\u00eb<br \/>\nKapaciteti i magazinimit: 980 litra<br \/>\nUj\u00eb n\u00eb temperatur\u00eb ambienti<br \/>\nFiltrim dhe sterilizim 9 shkall\u00ebsh<br \/>\nEkran LCD me prekje\n<h2>\n\t\t\tModel CWG-3000\t<\/h2>\n\t\t\t\t<img loading=\"lazy\" decoding=\"async\" src=\"https:\/\/coa.digita.dev\/wp-content\/uploads\/2025\/09\/image-plus.png\" alt=\"image-plus\" itemprop=\"image\" height=\"547\" width=\"538\" title=\"image-plus\" onerror=\"this.style.display='none'\" \/>\n<h5>Informacion teknik<\/h5>\nTensioni: 380V<br \/>\nFrekuenca: 50Hz<br \/>\nFuqia e ventilatorit: 5.5KW<br \/>\nKompresori: 2\u00d79,93\u202fKW<br \/>\nTemperatura e funksionimit: 15-38\u00b0C<br \/>\nOperating humidity &#8211; 45-95%\n<p><img loading=\"lazy\" decoding=\"async\" src=\"https:\/\/cupofairbg.com\/wp-content\/uploads\/2024\/06\/sm.png\" alt=\"\" width=\"20\" height=\"20\" \/>\u00a0<strong>280x180x162<\/strong><strong>\u00a0cm\u00a0<img loading=\"lazy\" decoding=\"async\" src=\"https:\/\/cupofairbg.com\/wp-content\/uploads\/2024\/06\/kg.png\" alt=\"\" width=\"19\" height=\"25\" \/>\u00a02000 kg<\/strong><\/p>\nKapaciteti i prodhimit 1000 litra n\u00eb 24 or\u00eb<br \/>\nKapaciteti i magazinimit: 980 litra<br \/>\nUj\u00eb n\u00eb temperatur\u00eb ambienti<br \/>\nFiltrim dhe sterilizim 9 shkall\u00ebsh<br \/>\nEkran LCD me prekje\n<h2>\n\t\t\tModel CWG-5000\t<\/h2>\n\t\t\t\t<img loading=\"lazy\" decoding=\"async\" src=\"https:\/\/coa.digita.dev\/wp-content\/uploads\/2025\/09\/image-plus.png\" alt=\"image-plus\" itemprop=\"image\" height=\"547\" width=\"538\" title=\"image-plus\" onerror=\"this.style.display='none'\" \/>\n<h5>Informacion teknik<\/h5>\nTensioni: 380V<br \/>\nFrekuenca: 50Hz<br \/>\nFuqia e ventilatorit: 11KW<br \/>\nFuqia totale: 116,6\u202fKW<br \/>\nKompresori: 2\u00d747,3\u202fKW\n<p><img loading=\"lazy\" decoding=\"async\" src=\"https:\/\/cupofairbg.com\/wp-content\/uploads\/2024\/06\/sm.png\" alt=\"\" width=\"20\" height=\"20\" \/>\u00a0<strong>530x220x220<\/strong><strong>\u00a0cm<\/strong><\/p>\nTemperatura e funksionimit: 20-32\u00b0C<br \/>\nOperating humidity &#8211; 45-95%<br \/>\nKapaciteti i prodhimit: 5000 litra n\u00eb 24 or\u00eb<br \/>\n\u041a\u0430\u043f\u0430\u0446\u0438\u0442\u0435\u0442 \u0445\u0440\u0430\u043d\u0435\u043d\u0438\u044f: 1800 \u043b\u0438\u0442\u0440\u043e\u0432<br \/>\nUj\u00eb n\u00eb temperatur\u00eb ambienti<br \/>\nSterilizues UV<br \/>\nEkran LCD me prekje\n\t\t\t\t<img loading=\"lazy\" decoding=\"async\" src=\"https:\/\/coa.digita.dev\/wp-content\/uploads\/2025\/09\/cupofair-logo.png\" alt=\"cupofair-logo\" itemprop=\"image\" height=\"67\" width=\"183\" title=\"cupofair-logo\" onerror=\"this.style.display='none'\" \/>\n\tTelefon:\u00a0<a>+359 88 350 5029<\/a><br \/>\ne-mail:\u00a0<a href=\"mailto:office@cupofairbg.com\">office@cupofairbg.com<\/a>","protected":false},"excerpt":{"rendered":"<p>Imagine being able to have the cleanest and best tasting drinking water for free at the touch of a button and never having to buy bottled water again. Model DWG-16 Technical information Voltage: 220\/110V Frequency: 50\/60Hz Compressor: 900W Operating temperature: 15-40\u00b0C Operating humidity &#8211; 35-95% \u00a045x44x56 cm\u00a0\u00a036 kg 16 liters\/day [&hellip;]<\/p>","protected":false},"author":1,"featured_media":0,"parent":0,"menu_order":0,"comment_status":"closed","ping_status":"closed","template":"","meta":{"_themeisle_gutenberg_block_has_review":false,"footnotes":""},"class_list":["post-153","page","type-page","status-publish","hentry"],"_links":{"self":[{"href":"https:\/\/coa.digita.dev\/sq\/wp-json\/wp\/v2\/pages\/153","targetHints":{"allow":["GET"]}}],"collection":[{"href":"https:\/\/coa.digita.dev\/sq\/wp-json\/wp\/v2\/pages"}],"about":[{"href":"https:\/\/coa.digita.dev\/sq\/wp-json\/wp\/v2\/types\/page"}],"author":[{"embeddable":true,"href":"https:\/\/coa.digita.dev\/sq\/wp-json\/wp\/v2\/users\/1"}],"replies":[{"embeddable":true,"href":"https:\/\/coa.digita.dev\/sq\/wp-json\/wp\/v2\/comments?post=153"}],"version-history":[{"count":16,"href":"https:\/\/coa.digita.dev\/sq\/wp-json\/wp\/v2\/pages\/153\/revisions"}],"predecessor-version":[{"id":291,"href":"https:\/\/coa.digita.dev\/sq\/wp-json\/wp\/v2\/pages\/153\/revisions\/291"}],"wp:attachment":[{"href":"https:\/\/coa.digita.dev\/sq\/wp-json\/wp\/v2\/media?parent=153"}],"curies":[{"name":"wp","href":"https:\/\/api.w.org\/{rel}","templated":true}]}}